{"id":163,"date":"2017-11-21T21:33:06","date_gmt":"2017-11-21T20:33:06","guid":{"rendered":"http:\/\/gestalttherapie-emdr.de\/cmswp\/?page_id=163"},"modified":"2019-08-09T22:01:21","modified_gmt":"2019-08-09T20:01:21","slug":"impressum","status":"publish","type":"page","link":"https:\/\/gestalttherapie-emdr.de\/cmswp\/impressum\/","title":{"rendered":"Impressum"},"content":{"rendered":"<div id=\"inhalt_txt\">\n<p><img loading=\"lazy\" class=\"alignnone wp-image-946 size-full\" src=\"http:\/\/gestalttherapie-emdr.de\/cmswp\/wp-content\/uploads\/2017\/12\/nizza_07.jpg\" alt=\"\" width=\"614\" height=\"254\" srcset=\"https:\/\/gestalttherapie-emdr.de\/cmswp\/wp-content\/uploads\/2017\/12\/nizza_07.jpg 614w, https:\/\/gestalttherapie-emdr.de\/cmswp\/wp-content\/uploads\/2017\/12\/nizza_07-300x124.jpg 300w\" sizes=\"(max-width: 614px) 100vw, 614px\" \/><\/p>\n<h3>Impressum<\/h3>\n<p><strong>Dieter Kappes<\/strong><br \/>\n<strong> Gestalttherapie &#8211; EMDR &#8211; Brainspotting &#8211;\u00a0Hypnotherapie<\/strong><br \/>\n<strong>Heilpraktiker (Psychotherapie nach dem Heilpraktikergesetz)<\/strong><br \/>\n<strong> H\u00e4ndelstr.12<\/strong><br \/>\n<strong> 65193 Wiesbaden<\/strong><\/p>\n<p><strong>Tel:<\/strong> 06128-23654<\/p>\n<p><strong>EMail:<\/strong> dieter.kappes@t-online.de<\/p>\n<hr \/>\n<p><strong>Berufsbezeichnung<\/strong><br \/>\nBerufsbezeichnung lautet: Heilpraktiker (Deutschland), erteilt am 11. November 1996 durch das Gesundheitsamt in 65307 Bad Schwalbach<\/p>\n<p><strong>Berufsrechtliche Regelung<\/strong><br \/>\nHeilpraktikergesetz &#8222;Gesetz \u00fcber die berufsm\u00e4\u00dfige Aus\u00fcbung der Heilkunde ohne Bestallung&#8220; vom 17.02.1939, ge\u00e4ndert durch Art.53 des EGStGB vom 02.03.1974 (BGB1. I S.550).<br \/>\nDie berufsrechtliche Regelung kann unter www.gesetze-im-internet.de und dort unter Stichwort\/Titelsuche &#8222;Heilpraktikergesetz&#8220; eingesehen werden.<\/p>\n<p><strong>Zust\u00e4ndige Aufsichtsbeh\u00f6rde<\/strong><br \/>\nRheingau-Taunus-Kreis, Gesundheitsamt, Heimbacher Str.7, 65307 Bad Schwalbach<\/p>\n<p><strong>Haftungshinweis<\/strong><br \/>\nDiese Internetpr\u00e4senz dient ausschlie\u00dflich der allgemeinen Information. Sie kann und will keine gesundheitliche Beratung oder Behandlung ersetzen, da diese individuell und nach ausf\u00fchrlicher Untersuchung erfolgen m\u00fcssen.<br \/>\nMeine Arbeit stellt insbesondere keinen Ersatz f\u00fcr eine psychiatrische Therapie dar, sondern ist als eine begleitende M\u00f6glichkeit eines Heilungsprozesses zu verstehen. Bei Erkrankungen, die die Behandlung durch einen Psychiater erfordern, kann bei Bedarf eine Kooperation mit dem betreuenden Arzt erfolgen.<\/p>\n<p><strong>Inhaltliche Verantwortung<\/strong><br \/>\nDieter Kappes<br \/>\nH\u00e4ndelstr.12<br \/>\n65193 Wiesbaden<\/p>\n<p><img loading=\"lazy\" class=\"alignnone size-full wp-image-524\" src=\"http:\/\/gestalttherapie-emdr.de\/cmswp\/wp-content\/uploads\/2017\/11\/hr_article.png\" alt=\"\" width=\"614\" height=\"19\" srcset=\"https:\/\/gestalttherapie-emdr.de\/cmswp\/wp-content\/uploads\/2017\/11\/hr_article.png 614w, https:\/\/gestalttherapie-emdr.de\/cmswp\/wp-content\/uploads\/2017\/11\/hr_article-300x9.png 300w\" sizes=\"(max-width: 614px) 100vw, 614px\" \/><\/p>\n<\/div>\n","protected":false},"excerpt":{"rendered":"<p>Impressum Dieter Kappes Gestalttherapie &#8211; EMDR &#8211; Brainspotting &#8211;\u00a0Hypnotherapie Heilpraktiker (Psychotherapie nach dem Heilpraktikergesetz) H\u00e4ndelstr.12 65193 Wiesbaden Tel: 06128-23654 EMail: dieter.kappes@t-online.de Berufsbezeichnung Berufsbezeichnung lautet: Heilpraktiker (Deutschland), erteilt am 11. November 1996 durch das Gesundheitsamt in 65307 Bad Schwalbach Berufsrechtliche Regelung Heilpraktikergesetz &#8222;Gesetz \u00fcber die berufsm\u00e4\u00dfige Aus\u00fcbung der Heilkunde ohne Bestallung&#8220; vom 17.02.1939, ge\u00e4ndert durch Art.53 [&hellip;]<\/p>\n","protected":false},"author":1,"featured_media":0,"parent":0,"menu_order":0,"comment_status":"closed","ping_status":"closed","template":"","meta":[],"_links":{"self":[{"href":"https:\/\/gestalttherapie-emdr.de\/cmswp\/wp-json\/wp\/v2\/pages\/163"}],"collection":[{"href":"https:\/\/gestalttherapie-emdr.de\/cmswp\/wp-json\/wp\/v2\/pages"}],"about":[{"href":"https:\/\/gestalttherapie-emdr.de\/cmswp\/wp-json\/wp\/v2\/types\/page"}],"author":[{"embeddable":true,"href":"https:\/\/gestalttherapie-emdr.de\/cmswp\/wp-json\/wp\/v2\/users\/1"}],"replies":[{"embeddable":true,"href":"https:\/\/gestalttherapie-emdr.de\/cmswp\/wp-json\/wp\/v2\/comments?post=163"}],"version-history":[{"count":24,"href":"https:\/\/gestalttherapie-emdr.de\/cmswp\/wp-json\/wp\/v2\/pages\/163\/revisions"}],"predecessor-version":[{"id":1000,"href":"https:\/\/gestalttherapie-emdr.de\/cmswp\/wp-json\/wp\/v2\/pages\/163\/revisions\/1000"}],"wp:attachment":[{"href":"https:\/\/gestalttherapie-emdr.de\/cmswp\/wp-json\/wp\/v2\/media?parent=163"}],"curies":[{"name":"wp","href":"https:\/\/api.w.org\/{rel}","templated":true}]}}