{"id":161,"date":"2017-11-21T21:32:30","date_gmt":"2017-11-21T20:32:30","guid":{"rendered":"http:\/\/gestalttherapie-emdr.de\/cmswp\/?page_id=161"},"modified":"2022-04-24T16:40:01","modified_gmt":"2022-04-24T14:40:01","slug":"anfahrt","status":"publish","type":"page","link":"https:\/\/gestalttherapie-emdr.de\/cmswp\/anfahrt\/","title":{"rendered":"Anfahrt"},"content":{"rendered":"<div id=\"inhalt_txt\">\n<p><img loading=\"lazy\" class=\"alignnone wp-image-927 size-full\" src=\"http:\/\/gestalttherapie-emdr.de\/cmswp\/wp-content\/uploads\/2017\/12\/cornwall-02.jpg\" alt=\"\" width=\"614\" height=\"210\" srcset=\"https:\/\/gestalttherapie-emdr.de\/cmswp\/wp-content\/uploads\/2017\/12\/cornwall-02.jpg 614w, https:\/\/gestalttherapie-emdr.de\/cmswp\/wp-content\/uploads\/2017\/12\/cornwall-02-300x103.jpg 300w\" sizes=\"(max-width: 614px) 100vw, 614px\" \/><\/p>\n<p><strong>Wegbeschreibung<\/strong><\/p>\n<p>65193 Wiesbaden<br \/>\nH\u00e4ndelstrasse 12<\/p>\n<p>Mit dem <strong>Bus:<\/strong><br \/>\nLinie 8 (z.B. ab Hauptbahnhof)\u00a0Richtung Eigenheim\/Bahnholz<br \/>\n<strong>Haltestelle &#8218;H\u00e4ndelstrasse&#8216;.<\/strong><\/p>\n<p>Mit dem <strong>Auto<\/strong>:<br \/>\nTaunusstrasse &#8211; Geissbergstrasse &#8211; Idsteinerstrasse<br \/>\nK\u00f6nigstuhlstrasse &#8211; Rosselstrasse &#8211; H\u00e4ndelstrasse<\/p>\n<p><strong>Kostenlose Parkpl\u00e4tze <\/strong>vor dem Haus<\/p>\n<p><img loading=\"lazy\" class=\"alignnone size-full wp-image-524\" src=\"http:\/\/gestalttherapie-emdr.de\/cmswp\/wp-content\/uploads\/2017\/11\/hr_article.png\" alt=\"\" width=\"614\" height=\"19\" srcset=\"https:\/\/gestalttherapie-emdr.de\/cmswp\/wp-content\/uploads\/2017\/11\/hr_article.png 614w, https:\/\/gestalttherapie-emdr.de\/cmswp\/wp-content\/uploads\/2017\/11\/hr_article-300x9.png 300w\" sizes=\"(max-width: 614px) 100vw, 614px\" \/><\/p>\n<\/div>\n","protected":false},"excerpt":{"rendered":"<p>Wegbeschreibung 65193 Wiesbaden H\u00e4ndelstrasse 12 Mit dem Bus: Linie 8 (z.B. ab Hauptbahnhof)\u00a0Richtung Eigenheim\/Bahnholz Haltestelle &#8218;H\u00e4ndelstrasse&#8216;. Mit dem Auto: Taunusstrasse &#8211; Geissbergstrasse &#8211; Idsteinerstrasse K\u00f6nigstuhlstrasse &#8211; Rosselstrasse &#8211; H\u00e4ndelstrasse Kostenlose Parkpl\u00e4tze vor dem Haus<\/p>\n","protected":false},"author":1,"featured_media":0,"parent":0,"menu_order":0,"comment_status":"closed","ping_status":"closed","template":"","meta":[],"_links":{"self":[{"href":"https:\/\/gestalttherapie-emdr.de\/cmswp\/wp-json\/wp\/v2\/pages\/161"}],"collection":[{"href":"https:\/\/gestalttherapie-emdr.de\/cmswp\/wp-json\/wp\/v2\/pages"}],"about":[{"href":"https:\/\/gestalttherapie-emdr.de\/cmswp\/wp-json\/wp\/v2\/types\/page"}],"author":[{"embeddable":true,"href":"https:\/\/gestalttherapie-emdr.de\/cmswp\/wp-json\/wp\/v2\/users\/1"}],"replies":[{"embeddable":true,"href":"https:\/\/gestalttherapie-emdr.de\/cmswp\/wp-json\/wp\/v2\/comments?post=161"}],"version-history":[{"count":62,"href":"https:\/\/gestalttherapie-emdr.de\/cmswp\/wp-json\/wp\/v2\/pages\/161\/revisions"}],"predecessor-version":[{"id":1698,"href":"https:\/\/gestalttherapie-emdr.de\/cmswp\/wp-json\/wp\/v2\/pages\/161\/revisions\/1698"}],"wp:attachment":[{"href":"https:\/\/gestalttherapie-emdr.de\/cmswp\/wp-json\/wp\/v2\/media?parent=161"}],"curies":[{"name":"wp","href":"https:\/\/api.w.org\/{rel}","templated":true}]}}