{"id":159,"date":"2017-11-21T21:32:10","date_gmt":"2017-11-21T20:32:10","guid":{"rendered":"http:\/\/gestalttherapie-emdr.de\/cmswp\/?page_id=159"},"modified":"2023-03-15T16:21:20","modified_gmt":"2023-03-15T15:21:20","slug":"kosten","status":"publish","type":"page","link":"https:\/\/gestalttherapie-emdr.de\/cmswp\/kosten\/","title":{"rendered":"Kosten"},"content":{"rendered":"<div id=\"inhalt_txt\">\n<p><img loading=\"lazy\" class=\"alignnone wp-image-930 size-full\" src=\"http:\/\/gestalttherapie-emdr.de\/cmswp\/wp-content\/uploads\/2017\/12\/nizza-04.jpg\" alt=\"\" width=\"614\" height=\"229\" srcset=\"https:\/\/gestalttherapie-emdr.de\/cmswp\/wp-content\/uploads\/2017\/12\/nizza-04.jpg 614w, https:\/\/gestalttherapie-emdr.de\/cmswp\/wp-content\/uploads\/2017\/12\/nizza-04-300x112.jpg 300w\" sizes=\"(max-width: 614px) 100vw, 614px\" \/><\/p>\n<p><strong>Kosten<\/strong><\/p>\n<p>Das <strong>Honorar<\/strong> f\u00fcr<br \/>\nTherapie\/Coaching\/Supervision<br \/>\nbetr\u00e4gt \u20ac 85 pro Sitzung (50 Minuten).<\/p>\n<p><strong>Je nach wirtschaftlicher Lage <\/strong>kann auch<strong> ein niedrigerer Satz<\/strong> vereinbart werden.<\/p>\n<p><strong>Privatkassen \u00fcbernehmen einen Teil (\u20ac 46)\u00a0 der Therapiekosten,<\/strong><br \/>\n<strong>gesetzliche Kassen nicht.<\/strong><\/p>\n<p>Aufwendungen f\u00fcr Coaching\/Supervision<br \/>\nk\u00f6nnen beim Finanzamt geltend gemacht werden.<\/p>\n<p><strong>Termine sind in der Regel innerhalb von 3-4 Wochen m\u00f6glich.<\/strong><\/p>\n<p>Ein <strong>Vorgespr\u00e4ch<\/strong> ist unverbindlich und kostenlos.<\/p>\n<p><img loading=\"lazy\" class=\"alignnone size-full wp-image-524\" src=\"http:\/\/gestalttherapie-emdr.de\/cmswp\/wp-content\/uploads\/2017\/11\/hr_article.png\" alt=\"\" width=\"614\" height=\"19\" srcset=\"https:\/\/gestalttherapie-emdr.de\/cmswp\/wp-content\/uploads\/2017\/11\/hr_article.png 614w, https:\/\/gestalttherapie-emdr.de\/cmswp\/wp-content\/uploads\/2017\/11\/hr_article-300x9.png 300w\" sizes=\"(max-width: 614px) 100vw, 614px\" \/><\/p>\n<\/div>\n","protected":false},"excerpt":{"rendered":"<p>Kosten Das Honorar f\u00fcr Therapie\/Coaching\/Supervision betr\u00e4gt \u20ac 85 pro Sitzung (50 Minuten). Je nach wirtschaftlicher Lage kann auch ein niedrigerer Satz vereinbart werden. Privatkassen \u00fcbernehmen einen Teil (\u20ac 46)\u00a0 der Therapiekosten, gesetzliche Kassen nicht. Aufwendungen f\u00fcr Coaching\/Supervision k\u00f6nnen beim Finanzamt geltend gemacht werden. Termine sind in der Regel innerhalb von 3-4 Wochen m\u00f6glich. Ein Vorgespr\u00e4ch [&hellip;]<\/p>\n","protected":false},"author":1,"featured_media":0,"parent":0,"menu_order":0,"comment_status":"closed","ping_status":"closed","template":"","meta":[],"_links":{"self":[{"href":"https:\/\/gestalttherapie-emdr.de\/cmswp\/wp-json\/wp\/v2\/pages\/159"}],"collection":[{"href":"https:\/\/gestalttherapie-emdr.de\/cmswp\/wp-json\/wp\/v2\/pages"}],"about":[{"href":"https:\/\/gestalttherapie-emdr.de\/cmswp\/wp-json\/wp\/v2\/types\/page"}],"author":[{"embeddable":true,"href":"https:\/\/gestalttherapie-emdr.de\/cmswp\/wp-json\/wp\/v2\/users\/1"}],"replies":[{"embeddable":true,"href":"https:\/\/gestalttherapie-emdr.de\/cmswp\/wp-json\/wp\/v2\/comments?post=159"}],"version-history":[{"count":23,"href":"https:\/\/gestalttherapie-emdr.de\/cmswp\/wp-json\/wp\/v2\/pages\/159\/revisions"}],"predecessor-version":[{"id":1750,"href":"https:\/\/gestalttherapie-emdr.de\/cmswp\/wp-json\/wp\/v2\/pages\/159\/revisions\/1750"}],"wp:attachment":[{"href":"https:\/\/gestalttherapie-emdr.de\/cmswp\/wp-json\/wp\/v2\/media?parent=159"}],"curies":[{"name":"wp","href":"https:\/\/api.w.org\/{rel}","templated":true}]}}